{"id":261555,"date":"2025-07-08T23:59:27","date_gmt":"2025-07-08T21:59:27","guid":{"rendered":"https:\/\/www.adriaticaelettrodomestici.it\/?post_type=product&#038;p=261555"},"modified":"2025-07-09T14:10:36","modified_gmt":"2025-07-09T12:10:36","slug":"smeg-produttore-acqua-frizzante-vari-colori","status":"publish","type":"product","link":"https:\/\/www.adriaticaelettrodomestici.it\/en\/smeg-produttore-acqua-frizzante-vari-colori\/","title":{"rendered":"Smeg Produttore acqua frizzante &#8211; vari colori"},"content":{"rendered":"<ul>\n<li>Capacit\u00e0 bottiglia: 800 ml (1 L fino alla linea di riempimento)<\/li>\n<li>Materiale bottiglia: Tritan\u2122 Renew, resistente, riciclato al 50% e BPA free<\/li>\n<li>Regolazione gasatura: manopola frontale intuitiva<\/li>\n<li>Alimentazione: non necessita di corrente elettrica<\/li>\n<li>Compatibilit\u00e0 CO\u2082: bombole a vite standard 400\u2013425 g (60\u201380 L)<\/li>\n<li>Vassoio gocciolatoio: chiusura magnetica per pulizia semplice<\/li>\n<li>Dimensioni (HxLxP): 420 \u00d7 135 \u00d7 245 mm<\/li>\n<li>Peso netto: 1,6 kg \u2013 Peso lordo: 3,13 kg<\/li>\n<li>Colore: Vari colori<\/li>\n<\/ul>\n","protected":false},"excerpt":{"rendered":"<p>Trasforma l\u2019acqua di casa in acqua frizzante con semplicit\u00e0 e stile, senza bisogno di elettricit\u00e0. Con la sua finitura elegante, unisce un design retr\u00f2 anni \u201950 a una funzionalit\u00e0 moderna, diventando un elemento distintivo nella tua cucina.<\/p>\n<p>Grazie alla manopola frontale intuitiva, puoi scegliere facilmente il livello di gasatura che preferisci, dal leggermente frizzante al pi\u00f9 intenso. La bottiglia da 800 ml in Tritan\u2122 Renew, resistente e priva di BPA, \u00e8 lavabile in lavastoviglie ed eco\u2011consapevole, realizzata per il 50% con materiali riciclati.<\/p>\n<p>Il pratico vassoio gocciolatoio con chiusura magnetica mantiene il piano cucina sempre pulito, mentre l\u2019estrazione automatica dell\u2019anidride carbonica avviene in modo rapido e sicuro con le bombole a vite standard.<\/p>\n","protected":false},"featured_media":261564,"menu_order":0,"comment_status":"closed","ping_status":"closed","template":"","meta":{"_et_pb_use_builder":"","_et_pb_old_content":"","_et_gb_content_width":""},"pwb-brand":[259],"product_brand":[308],"product_cat":[27,38],"product_tag":[],"class_list":{"0":"post-261555","1":"product","2":"type-product","3":"status-publish","4":"has-post-thumbnail","6":"pwb-brand-smeg","7":"product_brand-smeg","8":"product_cat-accessori-elettrodomestici","9":"product_cat-piccoli-elettrodomestici","10":"product_shipping_class-10kg","12":"first","13":"instock","14":"taxable","15":"shipping-taxable","16":"purchasable","17":"product-type-variable"},"yoast_head":"<!-- This site is optimized with the Yoast SEO plugin v27.1.1 - https:\/\/yoast.com\/product\/yoast-seo-wordpress\/ -->\n<title>Smeg Produttore acqua frizzante - vari colori &#8211; Adriatica Elettrodomestici<\/title>\n<meta name=\"robots\" content=\"index, follow, max-snippet:-1, max-image-preview:large, max-video-preview:-1\" \/>\n<link rel=\"canonical\" href=\"https:\/\/www.adriaticaelettrodomestici.it\/en\/smeg-produttore-acqua-frizzante-vari-colori\/\" \/>\n<meta property=\"og:locale\" content=\"en_US\" \/>\n<meta property=\"og:type\" content=\"article\" \/>\n<meta property=\"og:title\" content=\"Smeg Produttore acqua frizzante - vari colori &#8211; Adriatica Elettrodomestici\" \/>\n<meta property=\"og:description\" content=\"Trasforma l\u2019acqua di casa in acqua frizzante con semplicit\u00e0 e stile, senza bisogno di elettricit\u00e0. Con la sua finitura elegante, unisce un design retr\u00f2 anni \u201950 a una funzionalit\u00e0 moderna, diventando un elemento distintivo nella tua cucina.  Grazie alla manopola frontale intuitiva, puoi scegliere facilmente il livello di gasatura che preferisci, dal leggermente frizzante al pi\u00f9 intenso. La bottiglia da 800 ml in Tritan\u2122 Renew, resistente e priva di BPA, \u00e8 lavabile in lavastoviglie ed eco\u2011consapevole, realizzata per il 50% con materiali riciclati.  Il pratico vassoio gocciolatoio con chiusura magnetica mantiene il piano cucina sempre pulito, mentre l\u2019estrazione automatica dell\u2019anidride carbonica avviene in modo rapido e sicuro con le bombole a vite standard.\" \/>\n<meta property=\"og:url\" content=\"https:\/\/www.adriaticaelettrodomestici.it\/en\/smeg-produttore-acqua-frizzante-vari-colori\/\" \/>\n<meta property=\"og:site_name\" content=\"Adriatica Elettrodomestici\" \/>\n<meta property=\"article:publisher\" content=\"https:\/\/www.facebook.com\/adriaticaelettrodomestici\" \/>\n<meta property=\"article:modified_time\" content=\"2025-07-09T12:10:36+00:00\" \/>\n<meta property=\"og:image\" content=\"https:\/\/www.adriaticaelettrodomestici.it\/wp-content\/uploads\/2025\/07\/SKC01SBM.jpeg\" \/>\n\t<meta property=\"og:image:width\" content=\"1300\" \/>\n\t<meta property=\"og:image:height\" content=\"1300\" \/>\n\t<meta property=\"og:image:type\" content=\"image\/jpeg\" \/>\n<meta name=\"twitter:card\" content=\"summary_large_image\" \/>\n<meta name=\"twitter:label1\" content=\"Est. reading time\" \/>\n\t<meta name=\"twitter:data1\" content=\"1 minute\" \/>\n<script type=\"application\/ld+json\" class=\"yoast-schema-graph\">{\"@context\":\"https:\/\/schema.org\",\"@graph\":[{\"@type\":\"WebPage\",\"@id\":\"https:\/\/www.adriaticaelettrodomestici.it\/en\/smeg-produttore-acqua-frizzante-vari-colori\/\",\"url\":\"https:\/\/www.adriaticaelettrodomestici.it\/en\/smeg-produttore-acqua-frizzante-vari-colori\/\",\"name\":\"Smeg Produttore acqua frizzante - vari colori &#8211; Adriatica Elettrodomestici\",\"isPartOf\":{\"@id\":\"https:\/\/www.adriaticaelettrodomestici.it\/en\/#website\"},\"primaryImageOfPage\":{\"@id\":\"https:\/\/www.adriaticaelettrodomestici.it\/en\/smeg-produttore-acqua-frizzante-vari-colori\/#primaryimage\"},\"image\":{\"@id\":\"https:\/\/www.adriaticaelettrodomestici.it\/en\/smeg-produttore-acqua-frizzante-vari-colori\/#primaryimage\"},\"thumbnailUrl\":\"https:\/\/www.adriaticaelettrodomestici.it\/wp-content\/uploads\/2025\/07\/SKC01SBM.jpeg\",\"datePublished\":\"2025-07-08T21:59:27+00:00\",\"dateModified\":\"2025-07-09T12:10:36+00:00\",\"breadcrumb\":{\"@id\":\"https:\/\/www.adriaticaelettrodomestici.it\/en\/smeg-produttore-acqua-frizzante-vari-colori\/#breadcrumb\"},\"inLanguage\":\"en-US\",\"potentialAction\":[{\"@type\":\"ReadAction\",\"target\":[\"https:\/\/www.adriaticaelettrodomestici.it\/en\/smeg-produttore-acqua-frizzante-vari-colori\/\"]}]},{\"@type\":\"ImageObject\",\"inLanguage\":\"en-US\",\"@id\":\"https:\/\/www.adriaticaelettrodomestici.it\/en\/smeg-produttore-acqua-frizzante-vari-colori\/#primaryimage\",\"url\":\"https:\/\/www.adriaticaelettrodomestici.it\/wp-content\/uploads\/2025\/07\/SKC01SBM.jpeg\",\"contentUrl\":\"https:\/\/www.adriaticaelettrodomestici.it\/wp-content\/uploads\/2025\/07\/SKC01SBM.jpeg\",\"width\":1300,\"height\":1300},{\"@type\":\"BreadcrumbList\",\"@id\":\"https:\/\/www.adriaticaelettrodomestici.it\/en\/smeg-produttore-acqua-frizzante-vari-colori\/#breadcrumb\",\"itemListElement\":[{\"@type\":\"ListItem\",\"position\":1,\"name\":\"Home\",\"item\":\"https:\/\/www.adriaticaelettrodomestici.it\/en\/\"},{\"@type\":\"ListItem\",\"position\":2,\"name\":\"Shop\",\"item\":\"https:\/\/www.adriaticaelettrodomestici.it\/en\/shop\/\"},{\"@type\":\"ListItem\",\"position\":3,\"name\":\"Smeg Produttore acqua frizzante &#8211; vari colori\"}]},{\"@type\":\"WebSite\",\"@id\":\"https:\/\/www.adriaticaelettrodomestici.it\/en\/#website\",\"url\":\"https:\/\/www.adriaticaelettrodomestici.it\/en\/\",\"name\":\"Adriatica Elettrodomestici\",\"description\":\"Vendita elettrodomestici da incasso e libera installazione\",\"potentialAction\":[{\"@type\":\"SearchAction\",\"target\":{\"@type\":\"EntryPoint\",\"urlTemplate\":\"https:\/\/www.adriaticaelettrodomestici.it\/en\/?s={search_term_string}\"},\"query-input\":{\"@type\":\"PropertyValueSpecification\",\"valueRequired\":true,\"valueName\":\"search_term_string\"}}],\"inLanguage\":\"en-US\"}]}<\/script>\n<!-- \/ Yoast SEO plugin. -->","yoast_head_json":{"title":"Smeg Produttore acqua frizzante - vari colori &#8211; Adriatica Elettrodomestici","robots":{"index":"index","follow":"follow","max-snippet":"max-snippet:-1","max-image-preview":"max-image-preview:large","max-video-preview":"max-video-preview:-1"},"canonical":"https:\/\/www.adriaticaelettrodomestici.it\/en\/smeg-produttore-acqua-frizzante-vari-colori\/","og_locale":"en_US","og_type":"article","og_title":"Smeg Produttore acqua frizzante - vari colori &#8211; Adriatica Elettrodomestici","og_description":"Trasforma l\u2019acqua di casa in acqua frizzante con semplicit\u00e0 e stile, senza bisogno di elettricit\u00e0. Con la sua finitura elegante, unisce un design retr\u00f2 anni \u201950 a una funzionalit\u00e0 moderna, diventando un elemento distintivo nella tua cucina.  Grazie alla manopola frontale intuitiva, puoi scegliere facilmente il livello di gasatura che preferisci, dal leggermente frizzante al pi\u00f9 intenso. La bottiglia da 800 ml in Tritan\u2122 Renew, resistente e priva di BPA, \u00e8 lavabile in lavastoviglie ed eco\u2011consapevole, realizzata per il 50% con materiali riciclati.  Il pratico vassoio gocciolatoio con chiusura magnetica mantiene il piano cucina sempre pulito, mentre l\u2019estrazione automatica dell\u2019anidride carbonica avviene in modo rapido e sicuro con le bombole a vite standard.","og_url":"https:\/\/www.adriaticaelettrodomestici.it\/en\/smeg-produttore-acqua-frizzante-vari-colori\/","og_site_name":"Adriatica Elettrodomestici","article_publisher":"https:\/\/www.facebook.com\/adriaticaelettrodomestici","article_modified_time":"2025-07-09T12:10:36+00:00","og_image":[{"width":1300,"height":1300,"url":"https:\/\/www.adriaticaelettrodomestici.it\/wp-content\/uploads\/2025\/07\/SKC01SBM.jpeg","type":"image\/jpeg"}],"twitter_card":"summary_large_image","twitter_misc":{"Est. reading time":"1 minute"},"schema":{"@context":"https:\/\/schema.org","@graph":[{"@type":"WebPage","@id":"https:\/\/www.adriaticaelettrodomestici.it\/en\/smeg-produttore-acqua-frizzante-vari-colori\/","url":"https:\/\/www.adriaticaelettrodomestici.it\/en\/smeg-produttore-acqua-frizzante-vari-colori\/","name":"Smeg Produttore acqua frizzante - vari colori &#8211; Adriatica Elettrodomestici","isPartOf":{"@id":"https:\/\/www.adriaticaelettrodomestici.it\/en\/#website"},"primaryImageOfPage":{"@id":"https:\/\/www.adriaticaelettrodomestici.it\/en\/smeg-produttore-acqua-frizzante-vari-colori\/#primaryimage"},"image":{"@id":"https:\/\/www.adriaticaelettrodomestici.it\/en\/smeg-produttore-acqua-frizzante-vari-colori\/#primaryimage"},"thumbnailUrl":"https:\/\/www.adriaticaelettrodomestici.it\/wp-content\/uploads\/2025\/07\/SKC01SBM.jpeg","datePublished":"2025-07-08T21:59:27+00:00","dateModified":"2025-07-09T12:10:36+00:00","breadcrumb":{"@id":"https:\/\/www.adriaticaelettrodomestici.it\/en\/smeg-produttore-acqua-frizzante-vari-colori\/#breadcrumb"},"inLanguage":"en-US","potentialAction":[{"@type":"ReadAction","target":["https:\/\/www.adriaticaelettrodomestici.it\/en\/smeg-produttore-acqua-frizzante-vari-colori\/"]}]},{"@type":"ImageObject","inLanguage":"en-US","@id":"https:\/\/www.adriaticaelettrodomestici.it\/en\/smeg-produttore-acqua-frizzante-vari-colori\/#primaryimage","url":"https:\/\/www.adriaticaelettrodomestici.it\/wp-content\/uploads\/2025\/07\/SKC01SBM.jpeg","contentUrl":"https:\/\/www.adriaticaelettrodomestici.it\/wp-content\/uploads\/2025\/07\/SKC01SBM.jpeg","width":1300,"height":1300},{"@type":"BreadcrumbList","@id":"https:\/\/www.adriaticaelettrodomestici.it\/en\/smeg-produttore-acqua-frizzante-vari-colori\/#breadcrumb","itemListElement":[{"@type":"ListItem","position":1,"name":"Home","item":"https:\/\/www.adriaticaelettrodomestici.it\/en\/"},{"@type":"ListItem","position":2,"name":"Shop","item":"https:\/\/www.adriaticaelettrodomestici.it\/en\/shop\/"},{"@type":"ListItem","position":3,"name":"Smeg Produttore acqua frizzante &#8211; vari colori"}]},{"@type":"WebSite","@id":"https:\/\/www.adriaticaelettrodomestici.it\/en\/#website","url":"https:\/\/www.adriaticaelettrodomestici.it\/en\/","name":"Adriatica Elettrodomestici","description":"Vendita elettrodomestici da incasso e libera installazione","potentialAction":[{"@type":"SearchAction","target":{"@type":"EntryPoint","urlTemplate":"https:\/\/www.adriaticaelettrodomestici.it\/en\/?s={search_term_string}"},"query-input":{"@type":"PropertyValueSpecification","valueRequired":true,"valueName":"search_term_string"}}],"inLanguage":"en-US"}]}},"brands":[{"id":259,"name":"Smeg","slug":"smeg"}],"_links":{"self":[{"href":"https:\/\/www.adriaticaelettrodomestici.it\/en\/wp-json\/wp\/v2\/product\/261555","targetHints":{"allow":["GET"]}}],"collection":[{"href":"https:\/\/www.adriaticaelettrodomestici.it\/en\/wp-json\/wp\/v2\/product"}],"about":[{"href":"https:\/\/www.adriaticaelettrodomestici.it\/en\/wp-json\/wp\/v2\/types\/product"}],"replies":[{"embeddable":true,"href":"https:\/\/www.adriaticaelettrodomestici.it\/en\/wp-json\/wp\/v2\/comments?post=261555"}],"wp:featuredmedia":[{"embeddable":true,"href":"https:\/\/www.adriaticaelettrodomestici.it\/en\/wp-json\/wp\/v2\/media\/261564"}],"wp:attachment":[{"href":"https:\/\/www.adriaticaelettrodomestici.it\/en\/wp-json\/wp\/v2\/media?parent=261555"}],"wp:term":[{"taxonomy":"pwb-brand","embeddable":true,"href":"https:\/\/www.adriaticaelettrodomestici.it\/en\/wp-json\/wp\/v2\/pwb-brand?post=261555"},{"taxonomy":"product_brand","embeddable":true,"href":"https:\/\/www.adriaticaelettrodomestici.it\/en\/wp-json\/wp\/v2\/product_brand?post=261555"},{"taxonomy":"product_cat","embeddable":true,"href":"https:\/\/www.adriaticaelettrodomestici.it\/en\/wp-json\/wp\/v2\/product_cat?post=261555"},{"taxonomy":"product_tag","embeddable":true,"href":"https:\/\/www.adriaticaelettrodomestici.it\/en\/wp-json\/wp\/v2\/product_tag?post=261555"}],"curies":[{"name":"wp","href":"https:\/\/api.w.org\/{rel}","templated":true}]}}