{"id":262098,"date":"2025-07-22T22:51:15","date_gmt":"2025-07-22T20:51:15","guid":{"rendered":"https:\/\/www.adriaticaelettrodomestici.it\/?post_type=product&#038;p=262098"},"modified":"2025-07-24T22:17:16","modified_gmt":"2025-07-24T20:17:16","slug":"congelatore-a-pozzetto-hyundai-198lt-cfhn-200sh4we1","status":"publish","type":"product","link":"https:\/\/www.adriaticaelettrodomestici.it\/en\/congelatore-a-pozzetto-hyundai-198lt-cfhn-200sh4we1\/","title":{"rendered":"Congelatore a pozzetto HYUNDAI 198LT &#8211; CFHN-200SH4WE1"},"content":{"rendered":"<ul>\n<li>Capacit\u00e0 netta: 198\u202flitri \u2013 tanto spazio, zero ingombri<\/li>\n<li>Fast Freeze: funzione di congelamento rapido per preservare gusto e nutrienti<\/li>\n<li>Rumorosit\u00e0 contenuta: solo 40\u202fdB, per un funzionamento silenzioso<\/li>\n<li>Classe energetica: E \u2013 consumi equilibrati e sostenibili<\/li>\n<li>No Frost: evita la formazione di ghiaccio e facilita la manutenzione<\/li>\n<li>Scompartimento: ampio cassetto con controllo temperatura intuitivo<\/li>\n<\/ul>\n<a href='https:\/\/www.adriaticaelettrodomestici.it\/wp-content\/uploads\/2025\/07\/mmo_123336736_1737456437_4883_1168507.pdf' class='small-button smallblue' target=\"_blank\">SCHEDA PRODOTTO<\/a>\n","protected":false},"excerpt":{"rendered":"<p>Il congelatore orizzontale Hyundai CFHN\u202f200SH4WE1 offre 198\u202flitri di spazio utile per conservare grandi quantit\u00e0 di alimenti in modo organizzato e senza sprechi. Progettato per essere pratico e affidabile, \u00e8 ideale per famiglie, ristoranti, attivit\u00e0 commerciali e spazi domestici ampi.<\/p>\n","protected":false},"featured_media":262103,"menu_order":0,"comment_status":"closed","ping_status":"closed","template":"","meta":{"_et_pb_use_builder":"","_et_pb_old_content":"","_et_gb_content_width":""},"pwb-brand":[338],"product_brand":[339],"product_cat":[44,76],"product_tag":[],"class_list":{"0":"post-262098","1":"product","2":"type-product","3":"status-publish","4":"has-post-thumbnail","6":"pwb-brand-hyundai","7":"product_brand-hyundai","8":"product_cat-congelatori","9":"product_cat-congelatori-a-pozzetto","10":"product_shipping_class-100kg","12":"first","13":"instock","14":"taxable","15":"shipping-taxable","16":"purchasable","17":"product-type-simple"},"yoast_head":"<!-- This site is optimized with the Yoast SEO plugin v27.1.1 - https:\/\/yoast.com\/product\/yoast-seo-wordpress\/ -->\n<title>Congelatore a pozzetto HYUNDAI 198LT - CFHN-200SH4WE1 &#8211; Adriatica Elettrodomestici<\/title>\n<meta name=\"robots\" content=\"index, follow, max-snippet:-1, max-image-preview:large, max-video-preview:-1\" \/>\n<link rel=\"canonical\" href=\"https:\/\/www.adriaticaelettrodomestici.it\/en\/congelatore-a-pozzetto-hyundai-198lt-cfhn-200sh4we1\/\" \/>\n<meta property=\"og:locale\" content=\"en_US\" \/>\n<meta property=\"og:type\" content=\"article\" \/>\n<meta property=\"og:title\" content=\"Congelatore a pozzetto HYUNDAI 198LT - CFHN-200SH4WE1 &#8211; Adriatica Elettrodomestici\" \/>\n<meta property=\"og:description\" content=\"Il congelatore orizzontale Hyundai CFHN\u202f200SH4WE1 offre 198\u202flitri di spazio utile per conservare grandi quantit\u00e0 di alimenti in modo organizzato e senza sprechi. Progettato per essere pratico e affidabile, \u00e8 ideale per famiglie, ristoranti, attivit\u00e0 commerciali e spazi domestici ampi.\" \/>\n<meta property=\"og:url\" content=\"https:\/\/www.adriaticaelettrodomestici.it\/en\/congelatore-a-pozzetto-hyundai-198lt-cfhn-200sh4we1\/\" \/>\n<meta property=\"og:site_name\" content=\"Adriatica Elettrodomestici\" \/>\n<meta property=\"article:publisher\" content=\"https:\/\/www.facebook.com\/adriaticaelettrodomestici\" \/>\n<meta property=\"article:modified_time\" content=\"2025-07-24T20:17:16+00:00\" \/>\n<meta property=\"og:image\" content=\"https:\/\/www.adriaticaelettrodomestici.it\/wp-content\/uploads\/2025\/07\/1-1.jpeg\" \/>\n\t<meta property=\"og:image:width\" content=\"500\" \/>\n\t<meta property=\"og:image:height\" content=\"470\" \/>\n\t<meta property=\"og:image:type\" content=\"image\/jpeg\" \/>\n<meta name=\"twitter:card\" content=\"summary_large_image\" \/>\n<meta name=\"twitter:label1\" content=\"Est. reading time\" \/>\n\t<meta name=\"twitter:data1\" content=\"1 minute\" \/>\n<script type=\"application\/ld+json\" class=\"yoast-schema-graph\">{\"@context\":\"https:\/\/schema.org\",\"@graph\":[{\"@type\":\"WebPage\",\"@id\":\"https:\/\/www.adriaticaelettrodomestici.it\/en\/congelatore-a-pozzetto-hyundai-198lt-cfhn-200sh4we1\/\",\"url\":\"https:\/\/www.adriaticaelettrodomestici.it\/en\/congelatore-a-pozzetto-hyundai-198lt-cfhn-200sh4we1\/\",\"name\":\"Congelatore a pozzetto HYUNDAI 198LT - CFHN-200SH4WE1 &#8211; Adriatica Elettrodomestici\",\"isPartOf\":{\"@id\":\"https:\/\/www.adriaticaelettrodomestici.it\/en\/#website\"},\"primaryImageOfPage\":{\"@id\":\"https:\/\/www.adriaticaelettrodomestici.it\/en\/congelatore-a-pozzetto-hyundai-198lt-cfhn-200sh4we1\/#primaryimage\"},\"image\":{\"@id\":\"https:\/\/www.adriaticaelettrodomestici.it\/en\/congelatore-a-pozzetto-hyundai-198lt-cfhn-200sh4we1\/#primaryimage\"},\"thumbnailUrl\":\"https:\/\/www.adriaticaelettrodomestici.it\/wp-content\/uploads\/2025\/07\/1-1.jpeg\",\"datePublished\":\"2025-07-22T20:51:15+00:00\",\"dateModified\":\"2025-07-24T20:17:16+00:00\",\"breadcrumb\":{\"@id\":\"https:\/\/www.adriaticaelettrodomestici.it\/en\/congelatore-a-pozzetto-hyundai-198lt-cfhn-200sh4we1\/#breadcrumb\"},\"inLanguage\":\"en-US\",\"potentialAction\":[{\"@type\":\"ReadAction\",\"target\":[\"https:\/\/www.adriaticaelettrodomestici.it\/en\/congelatore-a-pozzetto-hyundai-198lt-cfhn-200sh4we1\/\"]}]},{\"@type\":\"ImageObject\",\"inLanguage\":\"en-US\",\"@id\":\"https:\/\/www.adriaticaelettrodomestici.it\/en\/congelatore-a-pozzetto-hyundai-198lt-cfhn-200sh4we1\/#primaryimage\",\"url\":\"https:\/\/www.adriaticaelettrodomestici.it\/wp-content\/uploads\/2025\/07\/1-1.jpeg\",\"contentUrl\":\"https:\/\/www.adriaticaelettrodomestici.it\/wp-content\/uploads\/2025\/07\/1-1.jpeg\",\"width\":500,\"height\":470},{\"@type\":\"BreadcrumbList\",\"@id\":\"https:\/\/www.adriaticaelettrodomestici.it\/en\/congelatore-a-pozzetto-hyundai-198lt-cfhn-200sh4we1\/#breadcrumb\",\"itemListElement\":[{\"@type\":\"ListItem\",\"position\":1,\"name\":\"Home\",\"item\":\"https:\/\/www.adriaticaelettrodomestici.it\/en\/\"},{\"@type\":\"ListItem\",\"position\":2,\"name\":\"Shop\",\"item\":\"https:\/\/www.adriaticaelettrodomestici.it\/en\/shop\/\"},{\"@type\":\"ListItem\",\"position\":3,\"name\":\"Congelatore a pozzetto HYUNDAI 198LT &#8211; CFHN-200SH4WE1\"}]},{\"@type\":\"WebSite\",\"@id\":\"https:\/\/www.adriaticaelettrodomestici.it\/en\/#website\",\"url\":\"https:\/\/www.adriaticaelettrodomestici.it\/en\/\",\"name\":\"Adriatica Elettrodomestici\",\"description\":\"Vendita elettrodomestici da incasso e libera installazione\",\"potentialAction\":[{\"@type\":\"SearchAction\",\"target\":{\"@type\":\"EntryPoint\",\"urlTemplate\":\"https:\/\/www.adriaticaelettrodomestici.it\/en\/?s={search_term_string}\"},\"query-input\":{\"@type\":\"PropertyValueSpecification\",\"valueRequired\":true,\"valueName\":\"search_term_string\"}}],\"inLanguage\":\"en-US\"}]}<\/script>\n<!-- \/ Yoast SEO plugin. -->","yoast_head_json":{"title":"Congelatore a pozzetto HYUNDAI 198LT - CFHN-200SH4WE1 &#8211; Adriatica Elettrodomestici","robots":{"index":"index","follow":"follow","max-snippet":"max-snippet:-1","max-image-preview":"max-image-preview:large","max-video-preview":"max-video-preview:-1"},"canonical":"https:\/\/www.adriaticaelettrodomestici.it\/en\/congelatore-a-pozzetto-hyundai-198lt-cfhn-200sh4we1\/","og_locale":"en_US","og_type":"article","og_title":"Congelatore a pozzetto HYUNDAI 198LT - CFHN-200SH4WE1 &#8211; Adriatica Elettrodomestici","og_description":"Il congelatore orizzontale Hyundai CFHN\u202f200SH4WE1 offre 198\u202flitri di spazio utile per conservare grandi quantit\u00e0 di alimenti in modo organizzato e senza sprechi. Progettato per essere pratico e affidabile, \u00e8 ideale per famiglie, ristoranti, attivit\u00e0 commerciali e spazi domestici ampi.","og_url":"https:\/\/www.adriaticaelettrodomestici.it\/en\/congelatore-a-pozzetto-hyundai-198lt-cfhn-200sh4we1\/","og_site_name":"Adriatica Elettrodomestici","article_publisher":"https:\/\/www.facebook.com\/adriaticaelettrodomestici","article_modified_time":"2025-07-24T20:17:16+00:00","og_image":[{"width":500,"height":470,"url":"https:\/\/www.adriaticaelettrodomestici.it\/wp-content\/uploads\/2025\/07\/1-1.jpeg","type":"image\/jpeg"}],"twitter_card":"summary_large_image","twitter_misc":{"Est. reading time":"1 minute"},"schema":{"@context":"https:\/\/schema.org","@graph":[{"@type":"WebPage","@id":"https:\/\/www.adriaticaelettrodomestici.it\/en\/congelatore-a-pozzetto-hyundai-198lt-cfhn-200sh4we1\/","url":"https:\/\/www.adriaticaelettrodomestici.it\/en\/congelatore-a-pozzetto-hyundai-198lt-cfhn-200sh4we1\/","name":"Congelatore a pozzetto HYUNDAI 198LT - CFHN-200SH4WE1 &#8211; Adriatica Elettrodomestici","isPartOf":{"@id":"https:\/\/www.adriaticaelettrodomestici.it\/en\/#website"},"primaryImageOfPage":{"@id":"https:\/\/www.adriaticaelettrodomestici.it\/en\/congelatore-a-pozzetto-hyundai-198lt-cfhn-200sh4we1\/#primaryimage"},"image":{"@id":"https:\/\/www.adriaticaelettrodomestici.it\/en\/congelatore-a-pozzetto-hyundai-198lt-cfhn-200sh4we1\/#primaryimage"},"thumbnailUrl":"https:\/\/www.adriaticaelettrodomestici.it\/wp-content\/uploads\/2025\/07\/1-1.jpeg","datePublished":"2025-07-22T20:51:15+00:00","dateModified":"2025-07-24T20:17:16+00:00","breadcrumb":{"@id":"https:\/\/www.adriaticaelettrodomestici.it\/en\/congelatore-a-pozzetto-hyundai-198lt-cfhn-200sh4we1\/#breadcrumb"},"inLanguage":"en-US","potentialAction":[{"@type":"ReadAction","target":["https:\/\/www.adriaticaelettrodomestici.it\/en\/congelatore-a-pozzetto-hyundai-198lt-cfhn-200sh4we1\/"]}]},{"@type":"ImageObject","inLanguage":"en-US","@id":"https:\/\/www.adriaticaelettrodomestici.it\/en\/congelatore-a-pozzetto-hyundai-198lt-cfhn-200sh4we1\/#primaryimage","url":"https:\/\/www.adriaticaelettrodomestici.it\/wp-content\/uploads\/2025\/07\/1-1.jpeg","contentUrl":"https:\/\/www.adriaticaelettrodomestici.it\/wp-content\/uploads\/2025\/07\/1-1.jpeg","width":500,"height":470},{"@type":"BreadcrumbList","@id":"https:\/\/www.adriaticaelettrodomestici.it\/en\/congelatore-a-pozzetto-hyundai-198lt-cfhn-200sh4we1\/#breadcrumb","itemListElement":[{"@type":"ListItem","position":1,"name":"Home","item":"https:\/\/www.adriaticaelettrodomestici.it\/en\/"},{"@type":"ListItem","position":2,"name":"Shop","item":"https:\/\/www.adriaticaelettrodomestici.it\/en\/shop\/"},{"@type":"ListItem","position":3,"name":"Congelatore a pozzetto HYUNDAI 198LT &#8211; CFHN-200SH4WE1"}]},{"@type":"WebSite","@id":"https:\/\/www.adriaticaelettrodomestici.it\/en\/#website","url":"https:\/\/www.adriaticaelettrodomestici.it\/en\/","name":"Adriatica Elettrodomestici","description":"Vendita elettrodomestici da incasso e libera installazione","potentialAction":[{"@type":"SearchAction","target":{"@type":"EntryPoint","urlTemplate":"https:\/\/www.adriaticaelettrodomestici.it\/en\/?s={search_term_string}"},"query-input":{"@type":"PropertyValueSpecification","valueRequired":true,"valueName":"search_term_string"}}],"inLanguage":"en-US"}]}},"brands":[{"id":338,"name":"Hyundai","slug":"hyundai"}],"_links":{"self":[{"href":"https:\/\/www.adriaticaelettrodomestici.it\/en\/wp-json\/wp\/v2\/product\/262098","targetHints":{"allow":["GET"]}}],"collection":[{"href":"https:\/\/www.adriaticaelettrodomestici.it\/en\/wp-json\/wp\/v2\/product"}],"about":[{"href":"https:\/\/www.adriaticaelettrodomestici.it\/en\/wp-json\/wp\/v2\/types\/product"}],"replies":[{"embeddable":true,"href":"https:\/\/www.adriaticaelettrodomestici.it\/en\/wp-json\/wp\/v2\/comments?post=262098"}],"wp:featuredmedia":[{"embeddable":true,"href":"https:\/\/www.adriaticaelettrodomestici.it\/en\/wp-json\/wp\/v2\/media\/262103"}],"wp:attachment":[{"href":"https:\/\/www.adriaticaelettrodomestici.it\/en\/wp-json\/wp\/v2\/media?parent=262098"}],"wp:term":[{"taxonomy":"pwb-brand","embeddable":true,"href":"https:\/\/www.adriaticaelettrodomestici.it\/en\/wp-json\/wp\/v2\/pwb-brand?post=262098"},{"taxonomy":"product_brand","embeddable":true,"href":"https:\/\/www.adriaticaelettrodomestici.it\/en\/wp-json\/wp\/v2\/product_brand?post=262098"},{"taxonomy":"product_cat","embeddable":true,"href":"https:\/\/www.adriaticaelettrodomestici.it\/en\/wp-json\/wp\/v2\/product_cat?post=262098"},{"taxonomy":"product_tag","embeddable":true,"href":"https:\/\/www.adriaticaelettrodomestici.it\/en\/wp-json\/wp\/v2\/product_tag?post=262098"}],"curies":[{"name":"wp","href":"https:\/\/api.w.org\/{rel}","templated":true}]}}