{"id":262635,"date":"2025-08-03T18:13:05","date_gmt":"2025-08-03T16:13:05","guid":{"rendered":"https:\/\/www.adriaticaelettrodomestici.it\/?post_type=product&#038;p=262635"},"modified":"2025-08-03T18:17:07","modified_gmt":"2025-08-03T16:17:07","slug":"forno-elettrico-incasso-hotpoint-ariston-90cm-inox-ms3-744-ix-ha","status":"publish","type":"product","link":"https:\/\/www.adriaticaelettrodomestici.it\/en\/forno-elettrico-incasso-hotpoint-ariston-90cm-inox-ms3-744-ix-ha\/","title":{"rendered":"Forno elettrico incasso Hotpoint Ariston 90cm inox &#8211; MS3 744 IX HA"},"content":{"rendered":"<ul>\n<li>Capacit\u00e0 interna: 74 L<\/li>\n<li>Tipologie di cottura: ventilata, tradizionale, grill, pizza, eco-power e vapore combinato<\/li>\n<li>Touch control + display digitale per gestione intuitiva del tempo, temperatura e modalit\u00e0<\/li>\n<li>Pulizia: funzione pirolitica che riduce grassi e residui a cenere da rimuovere facilmente<\/li>\n<li>Ventilazione: ventola tangenziale, per una distribuzione uniforme del calore con basse emissioni sonore<\/li>\n<li>Sicurezza: porta esterna fredda, termostato e raffreddamento automatico post-cottura<\/li>\n<li>Classe energetica: A<\/li>\n<li>Installazione: incasso standard 60\u202fcm, vani da 595\u202f\u00d7\u202f595\u202f\u00d7\u202f568 mm<\/li>\n<li>Peso netto: circa 29 kg<\/li>\n<\/ul>\n<a href='https:\/\/www.adriaticaelettrodomestici.it\/wp-content\/uploads\/2025\/08\/mmo_88725037_1727691054_3688_2505527.pdf' class='small-button smallblue' target=\"_blank\">SCHEDA PRODOTTO<\/a>\n","protected":false},"excerpt":{"rendered":"<p>Il forno Hotpoint MS3\u202f744\u202fIX\u202fHA coniuga alta capacit\u00e0 interna da 74 litri e un design elegante in acciaio inox, ideato per chi desidera prestazioni elevate in cucina. Multifunzionale e versatile, offre tutta la flessibilit\u00e0 necessaria per esprimere la creativit\u00e0 culinaria con risultati di qualit\u00e0.<br \/>\nLa tecnologia di cottura include ventilato, statica, grill, funzione pizza, eco-power e modalit\u00e0 combinata vapore\u202f+\u202fcalore, perfetta per strutturare piatti croccanti all\u2019esterno e succosi all\u2019interno.<\/p>\n","protected":false},"featured_media":262646,"menu_order":0,"comment_status":"closed","ping_status":"closed","template":"","meta":{"_et_pb_use_builder":"","_et_pb_old_content":"","_et_gb_content_width":""},"pwb-brand":[342],"product_brand":[343],"product_cat":[37,61,84],"product_tag":[],"class_list":{"0":"post-262635","1":"product","2":"type-product","3":"status-publish","4":"has-post-thumbnail","6":"pwb-brand-hotpoint-ariston","7":"product_brand-hotpoint-ariston","8":"product_cat-elettrodomestici-da-incasso","9":"product_cat-forni-da-incasso","10":"product_cat-forni-da-incasso-elettrici","11":"product_shipping_class-50kg","13":"first","14":"instock","15":"sale","16":"taxable","17":"shipping-taxable","18":"purchasable","19":"product-type-simple"},"yoast_head":"<!-- This site is optimized with the Yoast SEO plugin v27.1.1 - https:\/\/yoast.com\/product\/yoast-seo-wordpress\/ -->\n<title>Forno elettrico incasso Hotpoint Ariston 90cm inox - MS3 744 IX HA &#8211; Adriatica Elettrodomestici<\/title>\n<meta name=\"robots\" content=\"index, follow, max-snippet:-1, max-image-preview:large, max-video-preview:-1\" \/>\n<link rel=\"canonical\" href=\"https:\/\/www.adriaticaelettrodomestici.it\/en\/forno-elettrico-incasso-hotpoint-ariston-90cm-inox-ms3-744-ix-ha\/\" \/>\n<meta property=\"og:locale\" content=\"en_US\" \/>\n<meta property=\"og:type\" content=\"article\" \/>\n<meta property=\"og:title\" content=\"Forno elettrico incasso Hotpoint Ariston 90cm inox - MS3 744 IX HA &#8211; Adriatica Elettrodomestici\" \/>\n<meta property=\"og:description\" content=\"Il forno Hotpoint MS3\u202f744\u202fIX\u202fHA coniuga alta capacit\u00e0 interna da 74 litri e un design elegante in acciaio inox, ideato per chi desidera prestazioni elevate in cucina. Multifunzionale e versatile, offre tutta la flessibilit\u00e0 necessaria per esprimere la creativit\u00e0 culinaria con risultati di qualit\u00e0. La tecnologia di cottura include ventilato, statica, grill, funzione pizza, eco-power e modalit\u00e0 combinata vapore\u202f+\u202fcalore, perfetta per strutturare piatti croccanti all\u2019esterno e succosi all\u2019interno.\" \/>\n<meta property=\"og:url\" content=\"https:\/\/www.adriaticaelettrodomestici.it\/en\/forno-elettrico-incasso-hotpoint-ariston-90cm-inox-ms3-744-ix-ha\/\" \/>\n<meta property=\"og:site_name\" content=\"Adriatica Elettrodomestici\" \/>\n<meta property=\"article:publisher\" content=\"https:\/\/www.facebook.com\/adriaticaelettrodomestici\" \/>\n<meta property=\"article:modified_time\" content=\"2025-08-03T16:17:07+00:00\" \/>\n<meta property=\"og:image\" content=\"https:\/\/www.adriaticaelettrodomestici.it\/wp-content\/uploads\/2025\/08\/163035-1200-auto.webp\" \/>\n\t<meta property=\"og:image:width\" content=\"1000\" \/>\n\t<meta property=\"og:image:height\" content=\"1000\" \/>\n\t<meta property=\"og:image:type\" content=\"image\/webp\" \/>\n<meta name=\"twitter:card\" content=\"summary_large_image\" \/>\n<meta name=\"twitter:label1\" content=\"Est. reading time\" \/>\n\t<meta name=\"twitter:data1\" content=\"1 minute\" \/>\n<script type=\"application\/ld+json\" class=\"yoast-schema-graph\">{\"@context\":\"https:\/\/schema.org\",\"@graph\":[{\"@type\":\"WebPage\",\"@id\":\"https:\/\/www.adriaticaelettrodomestici.it\/en\/forno-elettrico-incasso-hotpoint-ariston-90cm-inox-ms3-744-ix-ha\/\",\"url\":\"https:\/\/www.adriaticaelettrodomestici.it\/en\/forno-elettrico-incasso-hotpoint-ariston-90cm-inox-ms3-744-ix-ha\/\",\"name\":\"Forno elettrico incasso Hotpoint Ariston 90cm inox - MS3 744 IX HA &#8211; Adriatica Elettrodomestici\",\"isPartOf\":{\"@id\":\"https:\/\/www.adriaticaelettrodomestici.it\/en\/#website\"},\"primaryImageOfPage\":{\"@id\":\"https:\/\/www.adriaticaelettrodomestici.it\/en\/forno-elettrico-incasso-hotpoint-ariston-90cm-inox-ms3-744-ix-ha\/#primaryimage\"},\"image\":{\"@id\":\"https:\/\/www.adriaticaelettrodomestici.it\/en\/forno-elettrico-incasso-hotpoint-ariston-90cm-inox-ms3-744-ix-ha\/#primaryimage\"},\"thumbnailUrl\":\"https:\/\/www.adriaticaelettrodomestici.it\/wp-content\/uploads\/2025\/08\/163035-1200-auto.webp\",\"datePublished\":\"2025-08-03T16:13:05+00:00\",\"dateModified\":\"2025-08-03T16:17:07+00:00\",\"breadcrumb\":{\"@id\":\"https:\/\/www.adriaticaelettrodomestici.it\/en\/forno-elettrico-incasso-hotpoint-ariston-90cm-inox-ms3-744-ix-ha\/#breadcrumb\"},\"inLanguage\":\"en-US\",\"potentialAction\":[{\"@type\":\"ReadAction\",\"target\":[\"https:\/\/www.adriaticaelettrodomestici.it\/en\/forno-elettrico-incasso-hotpoint-ariston-90cm-inox-ms3-744-ix-ha\/\"]}]},{\"@type\":\"ImageObject\",\"inLanguage\":\"en-US\",\"@id\":\"https:\/\/www.adriaticaelettrodomestici.it\/en\/forno-elettrico-incasso-hotpoint-ariston-90cm-inox-ms3-744-ix-ha\/#primaryimage\",\"url\":\"https:\/\/www.adriaticaelettrodomestici.it\/wp-content\/uploads\/2025\/08\/163035-1200-auto.webp\",\"contentUrl\":\"https:\/\/www.adriaticaelettrodomestici.it\/wp-content\/uploads\/2025\/08\/163035-1200-auto.webp\",\"width\":1000,\"height\":1000},{\"@type\":\"BreadcrumbList\",\"@id\":\"https:\/\/www.adriaticaelettrodomestici.it\/en\/forno-elettrico-incasso-hotpoint-ariston-90cm-inox-ms3-744-ix-ha\/#breadcrumb\",\"itemListElement\":[{\"@type\":\"ListItem\",\"position\":1,\"name\":\"Home\",\"item\":\"https:\/\/www.adriaticaelettrodomestici.it\/en\/\"},{\"@type\":\"ListItem\",\"position\":2,\"name\":\"Shop\",\"item\":\"https:\/\/www.adriaticaelettrodomestici.it\/en\/shop\/\"},{\"@type\":\"ListItem\",\"position\":3,\"name\":\"Forno elettrico incasso Hotpoint Ariston 90cm inox &#8211; MS3 744 IX HA\"}]},{\"@type\":\"WebSite\",\"@id\":\"https:\/\/www.adriaticaelettrodomestici.it\/en\/#website\",\"url\":\"https:\/\/www.adriaticaelettrodomestici.it\/en\/\",\"name\":\"Adriatica Elettrodomestici\",\"description\":\"Vendita elettrodomestici da incasso e libera installazione\",\"potentialAction\":[{\"@type\":\"SearchAction\",\"target\":{\"@type\":\"EntryPoint\",\"urlTemplate\":\"https:\/\/www.adriaticaelettrodomestici.it\/en\/?s={search_term_string}\"},\"query-input\":{\"@type\":\"PropertyValueSpecification\",\"valueRequired\":true,\"valueName\":\"search_term_string\"}}],\"inLanguage\":\"en-US\"}]}<\/script>\n<!-- \/ Yoast SEO plugin. -->","yoast_head_json":{"title":"Forno elettrico incasso Hotpoint Ariston 90cm inox - MS3 744 IX HA &#8211; Adriatica Elettrodomestici","robots":{"index":"index","follow":"follow","max-snippet":"max-snippet:-1","max-image-preview":"max-image-preview:large","max-video-preview":"max-video-preview:-1"},"canonical":"https:\/\/www.adriaticaelettrodomestici.it\/en\/forno-elettrico-incasso-hotpoint-ariston-90cm-inox-ms3-744-ix-ha\/","og_locale":"en_US","og_type":"article","og_title":"Forno elettrico incasso Hotpoint Ariston 90cm inox - MS3 744 IX HA &#8211; Adriatica Elettrodomestici","og_description":"Il forno Hotpoint MS3\u202f744\u202fIX\u202fHA coniuga alta capacit\u00e0 interna da 74 litri e un design elegante in acciaio inox, ideato per chi desidera prestazioni elevate in cucina. Multifunzionale e versatile, offre tutta la flessibilit\u00e0 necessaria per esprimere la creativit\u00e0 culinaria con risultati di qualit\u00e0. La tecnologia di cottura include ventilato, statica, grill, funzione pizza, eco-power e modalit\u00e0 combinata vapore\u202f+\u202fcalore, perfetta per strutturare piatti croccanti all\u2019esterno e succosi all\u2019interno.","og_url":"https:\/\/www.adriaticaelettrodomestici.it\/en\/forno-elettrico-incasso-hotpoint-ariston-90cm-inox-ms3-744-ix-ha\/","og_site_name":"Adriatica Elettrodomestici","article_publisher":"https:\/\/www.facebook.com\/adriaticaelettrodomestici","article_modified_time":"2025-08-03T16:17:07+00:00","og_image":[{"width":1000,"height":1000,"url":"https:\/\/www.adriaticaelettrodomestici.it\/wp-content\/uploads\/2025\/08\/163035-1200-auto.webp","type":"image\/webp"}],"twitter_card":"summary_large_image","twitter_misc":{"Est. reading time":"1 minute"},"schema":{"@context":"https:\/\/schema.org","@graph":[{"@type":"WebPage","@id":"https:\/\/www.adriaticaelettrodomestici.it\/en\/forno-elettrico-incasso-hotpoint-ariston-90cm-inox-ms3-744-ix-ha\/","url":"https:\/\/www.adriaticaelettrodomestici.it\/en\/forno-elettrico-incasso-hotpoint-ariston-90cm-inox-ms3-744-ix-ha\/","name":"Forno elettrico incasso Hotpoint Ariston 90cm inox - MS3 744 IX HA &#8211; Adriatica Elettrodomestici","isPartOf":{"@id":"https:\/\/www.adriaticaelettrodomestici.it\/en\/#website"},"primaryImageOfPage":{"@id":"https:\/\/www.adriaticaelettrodomestici.it\/en\/forno-elettrico-incasso-hotpoint-ariston-90cm-inox-ms3-744-ix-ha\/#primaryimage"},"image":{"@id":"https:\/\/www.adriaticaelettrodomestici.it\/en\/forno-elettrico-incasso-hotpoint-ariston-90cm-inox-ms3-744-ix-ha\/#primaryimage"},"thumbnailUrl":"https:\/\/www.adriaticaelettrodomestici.it\/wp-content\/uploads\/2025\/08\/163035-1200-auto.webp","datePublished":"2025-08-03T16:13:05+00:00","dateModified":"2025-08-03T16:17:07+00:00","breadcrumb":{"@id":"https:\/\/www.adriaticaelettrodomestici.it\/en\/forno-elettrico-incasso-hotpoint-ariston-90cm-inox-ms3-744-ix-ha\/#breadcrumb"},"inLanguage":"en-US","potentialAction":[{"@type":"ReadAction","target":["https:\/\/www.adriaticaelettrodomestici.it\/en\/forno-elettrico-incasso-hotpoint-ariston-90cm-inox-ms3-744-ix-ha\/"]}]},{"@type":"ImageObject","inLanguage":"en-US","@id":"https:\/\/www.adriaticaelettrodomestici.it\/en\/forno-elettrico-incasso-hotpoint-ariston-90cm-inox-ms3-744-ix-ha\/#primaryimage","url":"https:\/\/www.adriaticaelettrodomestici.it\/wp-content\/uploads\/2025\/08\/163035-1200-auto.webp","contentUrl":"https:\/\/www.adriaticaelettrodomestici.it\/wp-content\/uploads\/2025\/08\/163035-1200-auto.webp","width":1000,"height":1000},{"@type":"BreadcrumbList","@id":"https:\/\/www.adriaticaelettrodomestici.it\/en\/forno-elettrico-incasso-hotpoint-ariston-90cm-inox-ms3-744-ix-ha\/#breadcrumb","itemListElement":[{"@type":"ListItem","position":1,"name":"Home","item":"https:\/\/www.adriaticaelettrodomestici.it\/en\/"},{"@type":"ListItem","position":2,"name":"Shop","item":"https:\/\/www.adriaticaelettrodomestici.it\/en\/shop\/"},{"@type":"ListItem","position":3,"name":"Forno elettrico incasso Hotpoint Ariston 90cm inox &#8211; MS3 744 IX HA"}]},{"@type":"WebSite","@id":"https:\/\/www.adriaticaelettrodomestici.it\/en\/#website","url":"https:\/\/www.adriaticaelettrodomestici.it\/en\/","name":"Adriatica Elettrodomestici","description":"Vendita elettrodomestici da incasso e libera installazione","potentialAction":[{"@type":"SearchAction","target":{"@type":"EntryPoint","urlTemplate":"https:\/\/www.adriaticaelettrodomestici.it\/en\/?s={search_term_string}"},"query-input":{"@type":"PropertyValueSpecification","valueRequired":true,"valueName":"search_term_string"}}],"inLanguage":"en-US"}]}},"brands":[{"id":342,"name":"Hotpoint Ariston","slug":"hotpoint-ariston"}],"_links":{"self":[{"href":"https:\/\/www.adriaticaelettrodomestici.it\/en\/wp-json\/wp\/v2\/product\/262635","targetHints":{"allow":["GET"]}}],"collection":[{"href":"https:\/\/www.adriaticaelettrodomestici.it\/en\/wp-json\/wp\/v2\/product"}],"about":[{"href":"https:\/\/www.adriaticaelettrodomestici.it\/en\/wp-json\/wp\/v2\/types\/product"}],"replies":[{"embeddable":true,"href":"https:\/\/www.adriaticaelettrodomestici.it\/en\/wp-json\/wp\/v2\/comments?post=262635"}],"wp:featuredmedia":[{"embeddable":true,"href":"https:\/\/www.adriaticaelettrodomestici.it\/en\/wp-json\/wp\/v2\/media\/262646"}],"wp:attachment":[{"href":"https:\/\/www.adriaticaelettrodomestici.it\/en\/wp-json\/wp\/v2\/media?parent=262635"}],"wp:term":[{"taxonomy":"pwb-brand","embeddable":true,"href":"https:\/\/www.adriaticaelettrodomestici.it\/en\/wp-json\/wp\/v2\/pwb-brand?post=262635"},{"taxonomy":"product_brand","embeddable":true,"href":"https:\/\/www.adriaticaelettrodomestici.it\/en\/wp-json\/wp\/v2\/product_brand?post=262635"},{"taxonomy":"product_cat","embeddable":true,"href":"https:\/\/www.adriaticaelettrodomestici.it\/en\/wp-json\/wp\/v2\/product_cat?post=262635"},{"taxonomy":"product_tag","embeddable":true,"href":"https:\/\/www.adriaticaelettrodomestici.it\/en\/wp-json\/wp\/v2\/product_tag?post=262635"}],"curies":[{"name":"wp","href":"https:\/\/api.w.org\/{rel}","templated":true}]}}